{"id":2345,"date":"2023-05-24T10:08:56","date_gmt":"2023-05-24T10:08:56","guid":{"rendered":"https:\/\/neu.viamodul.eu\/support\/epages-now\/create-and-close-invoices-on-epages-now\/"},"modified":"2023-11-15T16:03:06","modified_gmt":"2023-11-15T16:03:06","slug":"create-and-close-invoices-on-epages-now","status":"publish","type":"page","link":"https:\/\/neu.viamodul.eu\/en\/support\/epages-now\/create-and-close-invoices-on-epages-now\/","title":{"rendered":"Create and close invoices on epages Now"},"content":{"rendered":"\t\t<div data-elementor-type=\"wp-page\" data-elementor-id=\"2345\" class=\"elementor elementor-2345 elementor-2343\" data-elementor-post-type=\"page\">\n\t\t\t\t\t\t\t\t\t<section class=\"elementor-section elementor-top-section elementor-element elementor-element-174307d elementor-section-boxed elementor-section-height-default elementor-section-height-default\" data-id=\"174307d\" data-element_type=\"section\">\n\t\t\t\t\t\t<div class=\"elementor-container elementor-column-gap-default\">\n\t\t\t\t\t<div class=\"elementor-column elementor-col-100 elementor-top-column elementor-element elementor-element-171d795\" data-id=\"171d795\" data-element_type=\"column\">\n\t\t\t<div class=\"elementor-widget-wrap elementor-element-populated\">\n\t\t\t\t\t\t\t\t<div class=\"elementor-element elementor-element-46d7129 elementor-widget elementor-widget-text-editor\" data-id=\"46d7129\" data-element_type=\"widget\" data-widget_type=\"text-editor.default\">\n\t\t\t\t<div class=\"elementor-widget-container\">\n\t\t\t<style>\/*! elementor - v3.14.0 - 26-06-2023 *\/\n.elementor-widget-text-editor.elementor-drop-cap-view-stacked .elementor-drop-cap{background-color:#69727d;color:#fff}.elementor-widget-text-editor.elementor-drop-cap-view-framed .elementor-drop-cap{color:#69727d;border:3px solid;background-color:transparent}.elementor-widget-text-editor:not(.elementor-drop-cap-view-default) .elementor-drop-cap{margin-top:8px}.elementor-widget-text-editor:not(.elementor-drop-cap-view-default) .elementor-drop-cap-letter{width:1em;height:1em}.elementor-widget-text-editor .elementor-drop-cap{float:left;text-align:center;line-height:1;font-size:50px}.elementor-widget-text-editor .elementor-drop-cap-letter{display:inline-block}<\/style>\t\t\t\t<h5>Content only available in German<\/h5>\n<p><strong>Wichtig f\u00fcr lexoffice Benutzer:<\/strong> Damit Rechnungen von Bestellungen auf den lexoffice Connector \u00fcbertragen werden, m\u00fcssen die Rechnungen auf epages Now erstellt werden und abgeschlossen sein.<br \/>Die \u00dcbertragung von epages auf den lexoffice Connector erfolgt alle 5 Minuten.<\/p>\n<p>Auf &#8220;Bestellungen&#8221; siehst Du, ob und wie viele abgeschlossene Dokumente es zu einer Bestellung auf epages gibt:<\/p>\n<p><img loading=\"lazy\" decoding=\"async\" class=\"alignnone wp-image-2352 size-full\" src=\"https:\/\/neu.viamodul.eu\/wp-content\/uploads\/2023\/05\/epages-Now-lexoffice-Rechnungen-Erstellen-00-Lexoffice-Status.jpg\" alt=\"\" width=\"935\" height=\"441\" srcset=\"https:\/\/neu.viamodul.eu\/wp-content\/uploads\/2023\/05\/epages-Now-lexoffice-Rechnungen-Erstellen-00-Lexoffice-Status.jpg 935w, https:\/\/neu.viamodul.eu\/wp-content\/uploads\/2023\/05\/epages-Now-lexoffice-Rechnungen-Erstellen-00-Lexoffice-Status-300x141.jpg 300w, https:\/\/neu.viamodul.eu\/wp-content\/uploads\/2023\/05\/epages-Now-lexoffice-Rechnungen-Erstellen-00-Lexoffice-Status-768x362.jpg 768w\" sizes=\"auto, (max-width: 935px) 100vw, 935px\" \/><\/p>\n<p>Sollten noch keine abgeschlossene Dokumente auf epages erstellt sein, kannst Du diese wie folgt erstellen:<\/p>\n<ol>\n<li>Auf der linken Navigationsleiste Deines epages Now Shops gehe auf \u201eBestellungen\u201c.<br \/><strong><strong>Wichtig: Der Status &#8220;In Rechnung gestellt&#8221; bezieht sich auf den eingestellten Status, besagt aber nicht, ob Dokumente erstellt und abgeschlossen worden sind!<\/strong><\/strong>\n<p><img loading=\"lazy\" decoding=\"async\" class=\"alignnone wp-image-2361 size-full\" src=\"https:\/\/neu.viamodul.eu\/wp-content\/uploads\/2023\/05\/epages-Now-Rechnungen-Erstellen-01-Bestellungen-Status.jpg\" alt=\"\" width=\"936\" height=\"334\" srcset=\"https:\/\/neu.viamodul.eu\/wp-content\/uploads\/2023\/05\/epages-Now-Rechnungen-Erstellen-01-Bestellungen-Status.jpg 936w, https:\/\/neu.viamodul.eu\/wp-content\/uploads\/2023\/05\/epages-Now-Rechnungen-Erstellen-01-Bestellungen-Status-300x107.jpg 300w, https:\/\/neu.viamodul.eu\/wp-content\/uploads\/2023\/05\/epages-Now-Rechnungen-Erstellen-01-Bestellungen-Status-768x274.jpg 768w\" sizes=\"auto, (max-width: 936px) 100vw, 936px\" \/><\/p>\n<\/li>\n<li>Selektiere die gew\u00fcnschten Bestellungen an, f\u00fcr die Du eine Rechnung erstellen willst.<br \/>Alternativ kannst Du auch in jeder Bestellung eine Dokument erstellen.\n<p><img loading=\"lazy\" decoding=\"async\" class=\"alignnone wp-image-2370 size-full\" src=\"https:\/\/neu.viamodul.eu\/wp-content\/uploads\/2023\/05\/epages-Now-Rechnungen-Erstellen-02-Dokumente-erstellen.jpg\" alt=\"\" width=\"994\" height=\"406\" srcset=\"https:\/\/neu.viamodul.eu\/wp-content\/uploads\/2023\/05\/epages-Now-Rechnungen-Erstellen-02-Dokumente-erstellen.jpg 994w, https:\/\/neu.viamodul.eu\/wp-content\/uploads\/2023\/05\/epages-Now-Rechnungen-Erstellen-02-Dokumente-erstellen-300x123.jpg 300w, https:\/\/neu.viamodul.eu\/wp-content\/uploads\/2023\/05\/epages-Now-Rechnungen-Erstellen-02-Dokumente-erstellen-768x314.jpg 768w\" sizes=\"auto, (max-width: 994px) 100vw, 994px\" \/><\/p>\n<\/li>\n<li>W\u00e4hle \u201eRechnung\u201c und weitere gew\u00fcnschte Optionen aus. Klicke auf \u201eErstellen\u201c.\n<p><img loading=\"lazy\" decoding=\"async\" class=\"alignnone wp-image-2373 size-full\" src=\"https:\/\/neu.viamodul.eu\/wp-content\/uploads\/2023\/05\/epages-Now-Rechnungen-Erstellen-03-Rechnung-erstellen.jpg\" alt=\"\" width=\"615\" height=\"559\" srcset=\"https:\/\/neu.viamodul.eu\/wp-content\/uploads\/2023\/05\/epages-Now-Rechnungen-Erstellen-03-Rechnung-erstellen.jpg 615w, https:\/\/neu.viamodul.eu\/wp-content\/uploads\/2023\/05\/epages-Now-Rechnungen-Erstellen-03-Rechnung-erstellen-300x273.jpg 300w\" sizes=\"auto, (max-width: 615px) 100vw, 615px\" \/><\/p>\n<\/li>\n<li>Klicke auf \u201eRechnung\u201c\n<p><img loading=\"lazy\" decoding=\"async\" class=\"alignnone wp-image-2376 size-full\" src=\"https:\/\/neu.viamodul.eu\/wp-content\/uploads\/2023\/05\/epages-Now-Rechnungen-Erstellen-04-Rechnung-klicken.jpg\" alt=\"\" width=\"1124\" height=\"409\" srcset=\"https:\/\/neu.viamodul.eu\/wp-content\/uploads\/2023\/05\/epages-Now-Rechnungen-Erstellen-04-Rechnung-klicken.jpg 1124w, https:\/\/neu.viamodul.eu\/wp-content\/uploads\/2023\/05\/epages-Now-Rechnungen-Erstellen-04-Rechnung-klicken-300x109.jpg 300w, https:\/\/neu.viamodul.eu\/wp-content\/uploads\/2023\/05\/epages-Now-Rechnungen-Erstellen-04-Rechnung-klicken-1024x373.jpg 1024w, https:\/\/neu.viamodul.eu\/wp-content\/uploads\/2023\/05\/epages-Now-Rechnungen-Erstellen-04-Rechnung-klicken-768x279.jpg 768w\" sizes=\"auto, (max-width: 1124px) 100vw, 1124px\" \/><\/p>\n<\/li>\n<li>Am Seitenende klicke auf \u201eAbschlie\u00dfen\u201c. Damit ist die Rechnung erstellt und kann nur noch durch eine Gutschrift annulliert werden.\n<p><img loading=\"lazy\" decoding=\"async\" class=\"alignnone wp-image-2382 size-full\" src=\"https:\/\/neu.viamodul.eu\/wp-content\/uploads\/2023\/05\/epages-Now-Rechnungen-Erstellen-05-Rechnung-abschliessen.jpg\" alt=\"\" width=\"932\" height=\"511\" srcset=\"https:\/\/neu.viamodul.eu\/wp-content\/uploads\/2023\/05\/epages-Now-Rechnungen-Erstellen-05-Rechnung-abschliessen.jpg 932w, https:\/\/neu.viamodul.eu\/wp-content\/uploads\/2023\/05\/epages-Now-Rechnungen-Erstellen-05-Rechnung-abschliessen-300x164.jpg 300w, https:\/\/neu.viamodul.eu\/wp-content\/uploads\/2023\/05\/epages-Now-Rechnungen-Erstellen-05-Rechnung-abschliessen-768x421.jpg 768w\" sizes=\"auto, (max-width: 932px) 100vw, 932px\" \/><\/p>\n<\/li>\n<li>Es dauert maximal 5 Minuten, bis das Dokument \u00fcber den lexoffice Connector auf lexoffice \u00fcbertragen ist.<\/li>\n<\/ol>\n<h3>Infos &amp; Support<\/h3>\n<p>Weitere Informationen und Support erh\u00e4ltst Du \u00fcber<\/p>\n<ul>\n<li><a href=\"mailto:support@viamodul.eu\" data-link-type=\"external\" data-type=\"linkpicker\">support@viamodul.eu<\/a><\/li>\n<li><a href=\"https:\/\/neu.viamodul.eu\/pt-pt\/suporte\/lexoffice-connector\/formulario-de-suporte\/\" data-link-type=\"tree\" data-type=\"linkpicker\">Support Formular<\/a><\/li>\n<li><a href=\"https:\/\/neu.viamodul.eu\/pt-pt\/suporte\/lexoffice-connector\/faqs\/\" data-link-type=\"tree\" data-type=\"linkpicker\">FAQs \u00fcber den lexoffice Connector<\/a><\/li>\n<\/ul>\n\t\t\t\t\t\t<\/div>\n\t\t\t\t<\/div>\n\t\t\t\t\t<\/div>\n\t\t<\/div>\n\t\t\t\t\t\t\t<\/div>\n\t\t<\/section>\n\t\t\t\t\t\t\t<\/div>\n\t\t","protected":false},"excerpt":{"rendered":"<p>Content only available in German Wichtig f\u00fcr lexoffice Benutzer: Damit Rechnungen von Bestellungen auf den lexoffice Connector \u00fcbertragen werden, m\u00fcssen die Rechnungen auf epages Now erstellt werden und abgeschlossen sein.Die \u00dcbertragung von epages auf den lexoffice Connector erfolgt alle 5 Minuten. Auf &#8220;Bestellungen&#8221; siehst Du, ob und wie viele abgeschlossene Dokumente es zu einer Bestellung [&hellip;]<\/p>\n","protected":false},"author":1,"featured_media":0,"parent":613,"menu_order":0,"comment_status":"closed","ping_status":"closed","template":"","meta":{"footnotes":""},"class_list":["post-2345","page","type-page","status-publish","hentry"],"yoast_head":"<!-- This site is optimized with the Yoast SEO plugin v20.10 - https:\/\/yoast.com\/wordpress\/plugins\/seo\/ -->\n<title>Create and close invoices on epages Now - Viamodul.EU<\/title>\n<meta name=\"description\" content=\"Create and close invoices on epages Now\" \/>\n<meta name=\"robots\" content=\"index, follow, max-snippet:-1, max-image-preview:large, max-video-preview:-1\" \/>\n<link rel=\"canonical\" href=\"https:\/\/neu.viamodul.eu\/en\/support\/epages-now\/create-and-close-invoices-on-epages-now\/\" \/>\n<meta property=\"og:locale\" content=\"en_US\" \/>\n<meta property=\"og:type\" content=\"article\" \/>\n<meta property=\"og:title\" content=\"Create and close invoices on epages Now - Viamodul.EU\" \/>\n<meta property=\"og:description\" content=\"Create and close invoices on epages Now\" \/>\n<meta property=\"og:url\" content=\"https:\/\/neu.viamodul.eu\/en\/support\/epages-now\/create-and-close-invoices-on-epages-now\/\" \/>\n<meta property=\"og:site_name\" content=\"Viamodul.EU\" \/>\n<meta property=\"article:publisher\" content=\"https:\/\/www.facebook.com\/viamodul.ihr.epages.partner\/\" \/>\n<meta property=\"article:modified_time\" content=\"2023-11-15T16:03:06+00:00\" \/>\n<meta property=\"og:image\" content=\"https:\/\/neu.viamodul.eu\/wp-content\/uploads\/2023\/05\/epages-Now-lexoffice-Rechnungen-Erstellen-00-Lexoffice-Status.jpg\" \/>\n<meta name=\"twitter:card\" content=\"summary_large_image\" \/>\n<meta name=\"twitter:label1\" content=\"Est. reading time\" \/>\n\t<meta name=\"twitter:data1\" content=\"1 minute\" \/>\n<script type=\"application\/ld+json\" class=\"yoast-schema-graph\">{\"@context\":\"https:\/\/schema.org\",\"@graph\":[{\"@type\":\"WebPage\",\"@id\":\"https:\/\/neu.viamodul.eu\/en\/support\/epages-now\/create-and-close-invoices-on-epages-now\/\",\"url\":\"https:\/\/neu.viamodul.eu\/en\/support\/epages-now\/create-and-close-invoices-on-epages-now\/\",\"name\":\"Create and close invoices on epages Now - Viamodul.EU\",\"isPartOf\":{\"@id\":\"https:\/\/neu.viamodul.eu\/en\/#website\"},\"datePublished\":\"2023-05-24T10:08:56+00:00\",\"dateModified\":\"2023-11-15T16:03:06+00:00\",\"description\":\"Create and close invoices on epages Now\",\"breadcrumb\":{\"@id\":\"https:\/\/neu.viamodul.eu\/en\/support\/epages-now\/create-and-close-invoices-on-epages-now\/#breadcrumb\"},\"inLanguage\":\"en-US\",\"potentialAction\":[{\"@type\":\"ReadAction\",\"target\":[\"https:\/\/neu.viamodul.eu\/en\/support\/epages-now\/create-and-close-invoices-on-epages-now\/\"]}]},{\"@type\":\"BreadcrumbList\",\"@id\":\"https:\/\/neu.viamodul.eu\/en\/support\/epages-now\/create-and-close-invoices-on-epages-now\/#breadcrumb\",\"itemListElement\":[{\"@type\":\"ListItem\",\"position\":1,\"name\":\"Home\",\"item\":\"https:\/\/neu.viamodul.eu\/en\/homepage\/\"},{\"@type\":\"ListItem\",\"position\":2,\"name\":\"Support\",\"item\":\"https:\/\/neu.viamodul.eu\/en\/support\/\"},{\"@type\":\"ListItem\",\"position\":3,\"name\":\"epages Now\",\"item\":\"https:\/\/neu.viamodul.eu\/en\/support\/epages-now\/\"},{\"@type\":\"ListItem\",\"position\":4,\"name\":\"Create and close invoices on epages Now\"}]},{\"@type\":\"WebSite\",\"@id\":\"https:\/\/neu.viamodul.eu\/en\/#website\",\"url\":\"https:\/\/neu.viamodul.eu\/en\/\",\"name\":\"Viamodul.EU\",\"description\":\"THE ECOMMERCE EXPERIENCE\",\"publisher\":{\"@id\":\"https:\/\/neu.viamodul.eu\/en\/#organization\"},\"potentialAction\":[{\"@type\":\"SearchAction\",\"target\":{\"@type\":\"EntryPoint\",\"urlTemplate\":\"https:\/\/neu.viamodul.eu\/en\/?s={search_term_string}\"},\"query-input\":\"required name=search_term_string\"}],\"inLanguage\":\"en-US\"},{\"@type\":\"Organization\",\"@id\":\"https:\/\/neu.viamodul.eu\/en\/#organization\",\"name\":\"Viamodul.EU\",\"url\":\"https:\/\/neu.viamodul.eu\/en\/\",\"logo\":{\"@type\":\"ImageObject\",\"inLanguage\":\"en-US\",\"@id\":\"https:\/\/neu.viamodul.eu\/en\/#\/schema\/logo\/image\/\",\"url\":\"https:\/\/neu.viamodul.eu\/wp-content\/uploads\/2023\/02\/cropped-favicon.jpg\",\"contentUrl\":\"https:\/\/neu.viamodul.eu\/wp-content\/uploads\/2023\/02\/cropped-favicon.jpg\",\"width\":512,\"height\":512,\"caption\":\"Viamodul.EU\"},\"image\":{\"@id\":\"https:\/\/neu.viamodul.eu\/en\/#\/schema\/logo\/image\/\"},\"sameAs\":[\"https:\/\/www.facebook.com\/viamodul.ihr.epages.partner\/\"]}]}<\/script>\n<!-- \/ Yoast SEO plugin. -->","yoast_head_json":{"title":"Create and close invoices on epages Now - Viamodul.EU","description":"Create and close invoices on epages Now","robots":{"index":"index","follow":"follow","max-snippet":"max-snippet:-1","max-image-preview":"max-image-preview:large","max-video-preview":"max-video-preview:-1"},"canonical":"https:\/\/neu.viamodul.eu\/en\/support\/epages-now\/create-and-close-invoices-on-epages-now\/","og_locale":"en_US","og_type":"article","og_title":"Create and close invoices on epages Now - Viamodul.EU","og_description":"Create and close invoices on epages Now","og_url":"https:\/\/neu.viamodul.eu\/en\/support\/epages-now\/create-and-close-invoices-on-epages-now\/","og_site_name":"Viamodul.EU","article_publisher":"https:\/\/www.facebook.com\/viamodul.ihr.epages.partner\/","article_modified_time":"2023-11-15T16:03:06+00:00","og_image":[{"url":"https:\/\/neu.viamodul.eu\/wp-content\/uploads\/2023\/05\/epages-Now-lexoffice-Rechnungen-Erstellen-00-Lexoffice-Status.jpg"}],"twitter_card":"summary_large_image","twitter_misc":{"Est. reading time":"1 minute"},"schema":{"@context":"https:\/\/schema.org","@graph":[{"@type":"WebPage","@id":"https:\/\/neu.viamodul.eu\/en\/support\/epages-now\/create-and-close-invoices-on-epages-now\/","url":"https:\/\/neu.viamodul.eu\/en\/support\/epages-now\/create-and-close-invoices-on-epages-now\/","name":"Create and close invoices on epages Now - Viamodul.EU","isPartOf":{"@id":"https:\/\/neu.viamodul.eu\/en\/#website"},"datePublished":"2023-05-24T10:08:56+00:00","dateModified":"2023-11-15T16:03:06+00:00","description":"Create and close invoices on epages Now","breadcrumb":{"@id":"https:\/\/neu.viamodul.eu\/en\/support\/epages-now\/create-and-close-invoices-on-epages-now\/#breadcrumb"},"inLanguage":"en-US","potentialAction":[{"@type":"ReadAction","target":["https:\/\/neu.viamodul.eu\/en\/support\/epages-now\/create-and-close-invoices-on-epages-now\/"]}]},{"@type":"BreadcrumbList","@id":"https:\/\/neu.viamodul.eu\/en\/support\/epages-now\/create-and-close-invoices-on-epages-now\/#breadcrumb","itemListElement":[{"@type":"ListItem","position":1,"name":"Home","item":"https:\/\/neu.viamodul.eu\/en\/homepage\/"},{"@type":"ListItem","position":2,"name":"Support","item":"https:\/\/neu.viamodul.eu\/en\/support\/"},{"@type":"ListItem","position":3,"name":"epages Now","item":"https:\/\/neu.viamodul.eu\/en\/support\/epages-now\/"},{"@type":"ListItem","position":4,"name":"Create and close invoices on epages Now"}]},{"@type":"WebSite","@id":"https:\/\/neu.viamodul.eu\/en\/#website","url":"https:\/\/neu.viamodul.eu\/en\/","name":"Viamodul.EU","description":"THE ECOMMERCE EXPERIENCE","publisher":{"@id":"https:\/\/neu.viamodul.eu\/en\/#organization"},"potentialAction":[{"@type":"SearchAction","target":{"@type":"EntryPoint","urlTemplate":"https:\/\/neu.viamodul.eu\/en\/?s={search_term_string}"},"query-input":"required name=search_term_string"}],"inLanguage":"en-US"},{"@type":"Organization","@id":"https:\/\/neu.viamodul.eu\/en\/#organization","name":"Viamodul.EU","url":"https:\/\/neu.viamodul.eu\/en\/","logo":{"@type":"ImageObject","inLanguage":"en-US","@id":"https:\/\/neu.viamodul.eu\/en\/#\/schema\/logo\/image\/","url":"https:\/\/neu.viamodul.eu\/wp-content\/uploads\/2023\/02\/cropped-favicon.jpg","contentUrl":"https:\/\/neu.viamodul.eu\/wp-content\/uploads\/2023\/02\/cropped-favicon.jpg","width":512,"height":512,"caption":"Viamodul.EU"},"image":{"@id":"https:\/\/neu.viamodul.eu\/en\/#\/schema\/logo\/image\/"},"sameAs":["https:\/\/www.facebook.com\/viamodul.ihr.epages.partner\/"]}]}},"_links":{"self":[{"href":"https:\/\/neu.viamodul.eu\/en\/wp-json\/wp\/v2\/pages\/2345","targetHints":{"allow":["GET"]}}],"collection":[{"href":"https:\/\/neu.viamodul.eu\/en\/wp-json\/wp\/v2\/pages"}],"about":[{"href":"https:\/\/neu.viamodul.eu\/en\/wp-json\/wp\/v2\/types\/page"}],"author":[{"embeddable":true,"href":"https:\/\/neu.viamodul.eu\/en\/wp-json\/wp\/v2\/users\/1"}],"replies":[{"embeddable":true,"href":"https:\/\/neu.viamodul.eu\/en\/wp-json\/wp\/v2\/comments?post=2345"}],"version-history":[{"count":5,"href":"https:\/\/neu.viamodul.eu\/en\/wp-json\/wp\/v2\/pages\/2345\/revisions"}],"predecessor-version":[{"id":3616,"href":"https:\/\/neu.viamodul.eu\/en\/wp-json\/wp\/v2\/pages\/2345\/revisions\/3616"}],"up":[{"embeddable":true,"href":"https:\/\/neu.viamodul.eu\/en\/wp-json\/wp\/v2\/pages\/613"}],"wp:attachment":[{"href":"https:\/\/neu.viamodul.eu\/en\/wp-json\/wp\/v2\/media?parent=2345"}],"curies":[{"name":"wp","href":"https:\/\/api.w.org\/{rel}","templated":true}]}}