{"id":2425,"date":"2023-05-24T13:38:13","date_gmt":"2023-05-24T13:38:13","guid":{"rendered":"https:\/\/neu.viamodul.eu\/support\/lexoffice-connector\/instructions-for-installing-the-lexoffice-connector-app-for-epages-now\/"},"modified":"2023-11-15T15:49:20","modified_gmt":"2023-11-15T15:49:20","slug":"instructions-for-installing-the-lexoffice-connector-app-for-epages-now","status":"publish","type":"page","link":"https:\/\/neu.viamodul.eu\/en\/support\/lexoffice-connector\/instructions-for-installing-the-lexoffice-connector-app-for-epages-now\/","title":{"rendered":"Instructions for installing the &#8220;lexoffice Connector&#8221; app for epages Now"},"content":{"rendered":"\t\t<div data-elementor-type=\"wp-page\" data-elementor-id=\"2425\" class=\"elementor elementor-2425 elementor-2410\" data-elementor-post-type=\"page\">\n\t\t\t\t\t\t\t\t\t<section class=\"elementor-section elementor-top-section elementor-element elementor-element-b3c80d5 elementor-section-boxed elementor-section-height-default elementor-section-height-default\" data-id=\"b3c80d5\" data-element_type=\"section\">\n\t\t\t\t\t\t<div class=\"elementor-container elementor-column-gap-default\">\n\t\t\t\t\t<div class=\"elementor-column elementor-col-100 elementor-top-column elementor-element elementor-element-bab42f0\" data-id=\"bab42f0\" data-element_type=\"column\">\n\t\t\t<div class=\"elementor-widget-wrap elementor-element-populated\">\n\t\t\t\t\t\t\t\t<div class=\"elementor-element elementor-element-e4e6e4d elementor-widget elementor-widget-text-editor\" data-id=\"e4e6e4d\" data-element_type=\"widget\" data-widget_type=\"text-editor.default\">\n\t\t\t\t<div class=\"elementor-widget-container\">\n\t\t\t<style>\/*! elementor - v3.14.0 - 26-06-2023 *\/\n.elementor-widget-text-editor.elementor-drop-cap-view-stacked .elementor-drop-cap{background-color:#69727d;color:#fff}.elementor-widget-text-editor.elementor-drop-cap-view-framed .elementor-drop-cap{color:#69727d;border:3px solid;background-color:transparent}.elementor-widget-text-editor:not(.elementor-drop-cap-view-default) .elementor-drop-cap{margin-top:8px}.elementor-widget-text-editor:not(.elementor-drop-cap-view-default) .elementor-drop-cap-letter{width:1em;height:1em}.elementor-widget-text-editor .elementor-drop-cap{float:left;text-align:center;line-height:1;font-size:50px}.elementor-widget-text-editor .elementor-drop-cap-letter{display:inline-block}<\/style>\t\t\t\t<h5>Content only available in German<\/h5>\n<h3>Einf\u00fchrung<\/h3>\n<p>Seit Februar 2022 ist die neue App &#8220;<strong>lexoffice Connector<\/strong>&#8221; auf dem App Store von epages Now verf\u00fcgbar. Diese l\u00f6st die bisherige App &#8220;<strong>lexoffice<\/strong>&#8221; ab.<\/p>\n<p><strong>Wichtig: Bevor Du die neue App \u201elexoffice Connector\u201c installierst, deinstalliere die bisherige App &#8220;lexoffice&#8221;, soweit diese installiert ist. <\/strong><\/p>\n<h3> <\/h3>\n<h3>Installierung Step-by-Step<\/h3>\n<p>So wird die App \u201elexoffice Connector\u201c f\u00fcr epages Now Shops installiert:<\/p>\n<ol>\n<li>Auf Deinem epages Now Shop gehe auf \u201eApps\u201c und unter \u201eBuchhaltung &amp; Berichtwesen\u201c klicke auf die App \u201elexoffice Connector\u201c.\n<p><img loading=\"lazy\" decoding=\"async\" class=\"alignnone wp-image-2432 size-full\" src=\"https:\/\/neu.viamodul.eu\/wp-content\/uploads\/2023\/05\/lexoffice-connector-App-Step_01.jpg\" alt=\"\" width=\"1200\" height=\"504\" srcset=\"https:\/\/neu.viamodul.eu\/wp-content\/uploads\/2023\/05\/lexoffice-connector-App-Step_01.jpg 1200w, https:\/\/neu.viamodul.eu\/wp-content\/uploads\/2023\/05\/lexoffice-connector-App-Step_01-300x126.jpg 300w, https:\/\/neu.viamodul.eu\/wp-content\/uploads\/2023\/05\/lexoffice-connector-App-Step_01-1024x430.jpg 1024w, https:\/\/neu.viamodul.eu\/wp-content\/uploads\/2023\/05\/lexoffice-connector-App-Step_01-768x323.jpg 768w\" sizes=\"auto, (max-width: 1200px) 100vw, 1200px\" \/><\/p>\n<\/li>\n<li>Klicke auf den Button \u201eApp installieren\u201d\n<p><img loading=\"lazy\" decoding=\"async\" class=\"alignnone wp-image-2439 size-full\" src=\"https:\/\/neu.viamodul.eu\/wp-content\/uploads\/2023\/05\/lexoffice-connector-App-Step_02.jpg\" alt=\"\" width=\"1200\" height=\"759\" srcset=\"https:\/\/neu.viamodul.eu\/wp-content\/uploads\/2023\/05\/lexoffice-connector-App-Step_02.jpg 1200w, https:\/\/neu.viamodul.eu\/wp-content\/uploads\/2023\/05\/lexoffice-connector-App-Step_02-300x190.jpg 300w, https:\/\/neu.viamodul.eu\/wp-content\/uploads\/2023\/05\/lexoffice-connector-App-Step_02-1024x648.jpg 1024w, https:\/\/neu.viamodul.eu\/wp-content\/uploads\/2023\/05\/lexoffice-connector-App-Step_02-768x486.jpg 768w\" sizes=\"auto, (max-width: 1200px) 100vw, 1200px\" \/><\/p>\n<\/li>\n<li>Best\u00e4tige die Installierung der App\n<p><img loading=\"lazy\" decoding=\"async\" class=\"alignnone wp-image-2442 size-full\" src=\"https:\/\/neu.viamodul.eu\/wp-content\/uploads\/2023\/05\/lexoffice-connector-App-Step_03.jpg\" alt=\"\" width=\"1200\" height=\"753\" srcset=\"https:\/\/neu.viamodul.eu\/wp-content\/uploads\/2023\/05\/lexoffice-connector-App-Step_03.jpg 1200w, https:\/\/neu.viamodul.eu\/wp-content\/uploads\/2023\/05\/lexoffice-connector-App-Step_03-300x188.jpg 300w, https:\/\/neu.viamodul.eu\/wp-content\/uploads\/2023\/05\/lexoffice-connector-App-Step_03-1024x643.jpg 1024w, https:\/\/neu.viamodul.eu\/wp-content\/uploads\/2023\/05\/lexoffice-connector-App-Step_03-768x482.jpg 768w\" sizes=\"auto, (max-width: 1200px) 100vw, 1200px\" \/><\/p>\n<\/li>\n<li>Registriere Dich auf der App \u201elexoffice Connector\u201c, so dass Du Dich in die App einloggen kannst.<br \/>Klicke auf <strong>\u201eRegistrieren\u201c,<\/strong> falls Du noch nicht auf der App registriert bist.<br \/>Klicke auf \u201e<strong>Schon registriert<\/strong>\u201c, wenn Du schon auf der App registriert bist.\n<p><img loading=\"lazy\" decoding=\"async\" class=\"alignnone wp-image-2445 size-full\" src=\"https:\/\/neu.viamodul.eu\/wp-content\/uploads\/2023\/05\/lexoffice-connector-App-Step_04.jpg\" alt=\"\" width=\"1200\" height=\"618\" srcset=\"https:\/\/neu.viamodul.eu\/wp-content\/uploads\/2023\/05\/lexoffice-connector-App-Step_04.jpg 1200w, https:\/\/neu.viamodul.eu\/wp-content\/uploads\/2023\/05\/lexoffice-connector-App-Step_04-300x155.jpg 300w, https:\/\/neu.viamodul.eu\/wp-content\/uploads\/2023\/05\/lexoffice-connector-App-Step_04-1024x527.jpg 1024w, https:\/\/neu.viamodul.eu\/wp-content\/uploads\/2023\/05\/lexoffice-connector-App-Step_04-768x396.jpg 768w\" sizes=\"auto, (max-width: 1200px) 100vw, 1200px\" \/><\/p>\n<\/li>\n<li>Dein Shop ist dem \u201elexoffice Connector verbunden.<br \/>Klicke auf \u201eWeiter\u201c um den Connector mit lexoffice zu verbinden.\n<p><img loading=\"lazy\" decoding=\"async\" class=\"alignnone wp-image-2448 size-full\" src=\"https:\/\/neu.viamodul.eu\/wp-content\/uploads\/2023\/05\/lexoffice-connector-App-Step_05.jpg\" alt=\"\" width=\"1200\" height=\"500\" srcset=\"https:\/\/neu.viamodul.eu\/wp-content\/uploads\/2023\/05\/lexoffice-connector-App-Step_05.jpg 1200w, https:\/\/neu.viamodul.eu\/wp-content\/uploads\/2023\/05\/lexoffice-connector-App-Step_05-300x125.jpg 300w, https:\/\/neu.viamodul.eu\/wp-content\/uploads\/2023\/05\/lexoffice-connector-App-Step_05-1024x427.jpg 1024w, https:\/\/neu.viamodul.eu\/wp-content\/uploads\/2023\/05\/lexoffice-connector-App-Step_05-768x320.jpg 768w\" sizes=\"auto, (max-width: 1200px) 100vw, 1200px\" \/><\/p>\n<\/li>\n<li>Klicke auf \u201eMit lexoffice verbinden\u201c um den Connector mit Deinem lexoffice Konto zu verbinden\n<p><img loading=\"lazy\" decoding=\"async\" class=\"alignnone wp-image-2451 size-full\" src=\"https:\/\/neu.viamodul.eu\/wp-content\/uploads\/2023\/05\/lexoffice-connector-App-Step_06.jpg\" alt=\"\" width=\"1200\" height=\"484\" srcset=\"https:\/\/neu.viamodul.eu\/wp-content\/uploads\/2023\/05\/lexoffice-connector-App-Step_06.jpg 1200w, https:\/\/neu.viamodul.eu\/wp-content\/uploads\/2023\/05\/lexoffice-connector-App-Step_06-300x121.jpg 300w, https:\/\/neu.viamodul.eu\/wp-content\/uploads\/2023\/05\/lexoffice-connector-App-Step_06-1024x413.jpg 1024w, https:\/\/neu.viamodul.eu\/wp-content\/uploads\/2023\/05\/lexoffice-connector-App-Step_06-768x310.jpg 768w\" sizes=\"auto, (max-width: 1200px) 100vw, 1200px\" \/><\/p>\n<\/li>\n<li>Melde Dich auf Deinem lexoffice Konto an, oder registriere Dich, falls Du noch kein lexoffice Konto besitzt.\n<p><img loading=\"lazy\" decoding=\"async\" class=\"alignnone wp-image-2454 size-full\" src=\"https:\/\/neu.viamodul.eu\/wp-content\/uploads\/2023\/05\/lexoffice-connector-App-Step_07.jpg\" alt=\"\" width=\"1200\" height=\"465\" srcset=\"https:\/\/neu.viamodul.eu\/wp-content\/uploads\/2023\/05\/lexoffice-connector-App-Step_07.jpg 1200w, https:\/\/neu.viamodul.eu\/wp-content\/uploads\/2023\/05\/lexoffice-connector-App-Step_07-300x116.jpg 300w, https:\/\/neu.viamodul.eu\/wp-content\/uploads\/2023\/05\/lexoffice-connector-App-Step_07-1024x397.jpg 1024w, https:\/\/neu.viamodul.eu\/wp-content\/uploads\/2023\/05\/lexoffice-connector-App-Step_07-768x298.jpg 768w\" sizes=\"auto, (max-width: 1200px) 100vw, 1200px\" \/><\/p>\n<\/li>\n<li>Erlaube den Zugriff des Connectors.\n<p><img loading=\"lazy\" decoding=\"async\" class=\"alignnone wp-image-2457 size-full\" src=\"https:\/\/neu.viamodul.eu\/wp-content\/uploads\/2023\/05\/lexoffice-connector-App-Step_08.jpg\" alt=\"\" width=\"1200\" height=\"685\" srcset=\"https:\/\/neu.viamodul.eu\/wp-content\/uploads\/2023\/05\/lexoffice-connector-App-Step_08.jpg 1200w, https:\/\/neu.viamodul.eu\/wp-content\/uploads\/2023\/05\/lexoffice-connector-App-Step_08-300x171.jpg 300w, https:\/\/neu.viamodul.eu\/wp-content\/uploads\/2023\/05\/lexoffice-connector-App-Step_08-1024x585.jpg 1024w, https:\/\/neu.viamodul.eu\/wp-content\/uploads\/2023\/05\/lexoffice-connector-App-Step_08-768x438.jpg 768w\" sizes=\"auto, (max-width: 1200px) 100vw, 1200px\" \/><\/p>\n<\/li>\n<li>Dein Shop ist jetzt \u00fcber die App \u201elexoffice Connector\u201c mit Deinem lexoffice Konto verbunden.\n<p><img loading=\"lazy\" decoding=\"async\" class=\"alignnone wp-image-2460 size-full\" src=\"https:\/\/neu.viamodul.eu\/wp-content\/uploads\/2023\/05\/lexoffice-connector-App-Step_09.jpg\" alt=\"\" width=\"1200\" height=\"464\" srcset=\"https:\/\/neu.viamodul.eu\/wp-content\/uploads\/2023\/05\/lexoffice-connector-App-Step_09.jpg 1200w, https:\/\/neu.viamodul.eu\/wp-content\/uploads\/2023\/05\/lexoffice-connector-App-Step_09-300x116.jpg 300w, https:\/\/neu.viamodul.eu\/wp-content\/uploads\/2023\/05\/lexoffice-connector-App-Step_09-1024x396.jpg 1024w, https:\/\/neu.viamodul.eu\/wp-content\/uploads\/2023\/05\/lexoffice-connector-App-Step_09-768x297.jpg 768w\" sizes=\"auto, (max-width: 1200px) 100vw, 1200px\" \/><\/p>\n<\/li>\n<li><strong>Wichtig: <\/strong>Damit Dokumente von dem Shop \u00fcber den lexoffice Connector auf lexoffice \u00fcbertragen werden, <a href=\"https:\/\/neu.viamodul.eu\/en\/support\/epages-now\/create-and-close-invoices-on-epages-now\/\" data-link-type=\"tree\" data-type=\"linkpicker\">m\u00fcssen auf Deinem Shop f\u00fcr jede Bestellung Rechnungen oder Gutschriften erstellt werden<\/a>.<\/li>\n<\/ol>\n<h3>Infos &amp; Support<\/h3>\n<p>Weitere Informationen und Support erh\u00e4ltst Du \u00fcber<\/p>\n<ul>\n<li><a href=\"mailto:support@viamodul.eu\" data-link-type=\"external\" data-type=\"linkpicker\">support@viamodul.eu<\/a><\/li>\n<li><a href=\"https:\/\/neu.viamodul.eu\/pt-pt\/suporte\/lexoffice-connector\/formulario-de-suporte\/\" data-link-type=\"tree\" data-type=\"linkpicker\">Support Formular<\/a><\/li>\n<li><a href=\"https:\/\/neu.viamodul.eu\/pt-pt\/suporte\/lexoffice-connector\/faqs\/\" data-link-type=\"tree\" data-type=\"linkpicker\">FAQs \u00fcber den lexoffice Connector<\/a><\/li>\n<\/ul>\n\t\t\t\t\t\t<\/div>\n\t\t\t\t<\/div>\n\t\t\t\t\t<\/div>\n\t\t<\/div>\n\t\t\t\t\t\t\t<\/div>\n\t\t<\/section>\n\t\t\t\t\t\t\t<\/div>\n\t\t","protected":false},"excerpt":{"rendered":"<p>Content only available in German Einf\u00fchrung Seit Februar 2022 ist die neue App &#8220;lexoffice Connector&#8221; auf dem App Store von epages Now verf\u00fcgbar. Diese l\u00f6st die bisherige App &#8220;lexoffice&#8221; ab. Wichtig: Bevor Du die neue App \u201elexoffice Connector\u201c installierst, deinstalliere die bisherige App &#8220;lexoffice&#8221;, soweit diese installiert ist. Installierung Step-by-Step So wird die App \u201elexoffice [&hellip;]<\/p>\n","protected":false},"author":1,"featured_media":0,"parent":609,"menu_order":0,"comment_status":"closed","ping_status":"closed","template":"","meta":{"footnotes":""},"class_list":["post-2425","page","type-page","status-publish","hentry"],"yoast_head":"<!-- This site is optimized with the Yoast SEO plugin v20.10 - https:\/\/yoast.com\/wordpress\/plugins\/seo\/ -->\n<title>Instructions for installing the &quot;lexoffice Connector&quot; app for epages Now - Viamodul.EU<\/title>\n<meta name=\"description\" content=\"Instructions for installing the &quot;lexoffice Connector&quot; app for epages Now\" \/>\n<meta name=\"robots\" content=\"index, follow, max-snippet:-1, max-image-preview:large, max-video-preview:-1\" \/>\n<link rel=\"canonical\" href=\"https:\/\/neu.viamodul.eu\/en\/support\/lexoffice-connector\/instructions-for-installing-the-lexoffice-connector-app-for-epages-now\/\" \/>\n<meta property=\"og:locale\" content=\"en_US\" \/>\n<meta property=\"og:type\" content=\"article\" \/>\n<meta property=\"og:title\" content=\"Instructions for installing the &quot;lexoffice Connector&quot; app for epages Now - Viamodul.EU\" \/>\n<meta property=\"og:description\" content=\"Instructions for installing the &quot;lexoffice Connector&quot; app for epages Now\" \/>\n<meta property=\"og:url\" content=\"https:\/\/neu.viamodul.eu\/en\/support\/lexoffice-connector\/instructions-for-installing-the-lexoffice-connector-app-for-epages-now\/\" \/>\n<meta property=\"og:site_name\" content=\"Viamodul.EU\" \/>\n<meta property=\"article:publisher\" content=\"https:\/\/www.facebook.com\/viamodul.ihr.epages.partner\/\" \/>\n<meta property=\"article:modified_time\" content=\"2023-11-15T15:49:20+00:00\" \/>\n<meta property=\"og:image\" content=\"https:\/\/neu.viamodul.eu\/wp-content\/uploads\/2023\/05\/lexoffice-connector-App-Step_01.jpg\" \/>\n<meta name=\"twitter:card\" content=\"summary_large_image\" \/>\n<meta name=\"twitter:label1\" content=\"Est. reading time\" \/>\n\t<meta name=\"twitter:data1\" content=\"1 minute\" \/>\n<script type=\"application\/ld+json\" class=\"yoast-schema-graph\">{\"@context\":\"https:\/\/schema.org\",\"@graph\":[{\"@type\":\"WebPage\",\"@id\":\"https:\/\/neu.viamodul.eu\/en\/support\/lexoffice-connector\/instructions-for-installing-the-lexoffice-connector-app-for-epages-now\/\",\"url\":\"https:\/\/neu.viamodul.eu\/en\/support\/lexoffice-connector\/instructions-for-installing-the-lexoffice-connector-app-for-epages-now\/\",\"name\":\"Instructions for installing the \\\"lexoffice Connector\\\" app for epages Now - Viamodul.EU\",\"isPartOf\":{\"@id\":\"https:\/\/neu.viamodul.eu\/en\/#website\"},\"datePublished\":\"2023-05-24T13:38:13+00:00\",\"dateModified\":\"2023-11-15T15:49:20+00:00\",\"description\":\"Instructions for installing the \\\"lexoffice Connector\\\" app for epages Now\",\"breadcrumb\":{\"@id\":\"https:\/\/neu.viamodul.eu\/en\/support\/lexoffice-connector\/instructions-for-installing-the-lexoffice-connector-app-for-epages-now\/#breadcrumb\"},\"inLanguage\":\"en-US\",\"potentialAction\":[{\"@type\":\"ReadAction\",\"target\":[\"https:\/\/neu.viamodul.eu\/en\/support\/lexoffice-connector\/instructions-for-installing-the-lexoffice-connector-app-for-epages-now\/\"]}]},{\"@type\":\"BreadcrumbList\",\"@id\":\"https:\/\/neu.viamodul.eu\/en\/support\/lexoffice-connector\/instructions-for-installing-the-lexoffice-connector-app-for-epages-now\/#breadcrumb\",\"itemListElement\":[{\"@type\":\"ListItem\",\"position\":1,\"name\":\"Home\",\"item\":\"https:\/\/neu.viamodul.eu\/en\/homepage\/\"},{\"@type\":\"ListItem\",\"position\":2,\"name\":\"Support\",\"item\":\"https:\/\/neu.viamodul.eu\/en\/support\/\"},{\"@type\":\"ListItem\",\"position\":3,\"name\":\"epages lexoffice Connector\",\"item\":\"https:\/\/neu.viamodul.eu\/en\/support\/lexoffice-connector\/\"},{\"@type\":\"ListItem\",\"position\":4,\"name\":\"Instructions for installing the &#8220;lexoffice Connector&#8221; app for epages Now\"}]},{\"@type\":\"WebSite\",\"@id\":\"https:\/\/neu.viamodul.eu\/en\/#website\",\"url\":\"https:\/\/neu.viamodul.eu\/en\/\",\"name\":\"Viamodul.EU\",\"description\":\"THE ECOMMERCE EXPERIENCE\",\"publisher\":{\"@id\":\"https:\/\/neu.viamodul.eu\/en\/#organization\"},\"potentialAction\":[{\"@type\":\"SearchAction\",\"target\":{\"@type\":\"EntryPoint\",\"urlTemplate\":\"https:\/\/neu.viamodul.eu\/en\/?s={search_term_string}\"},\"query-input\":\"required name=search_term_string\"}],\"inLanguage\":\"en-US\"},{\"@type\":\"Organization\",\"@id\":\"https:\/\/neu.viamodul.eu\/en\/#organization\",\"name\":\"Viamodul.EU\",\"url\":\"https:\/\/neu.viamodul.eu\/en\/\",\"logo\":{\"@type\":\"ImageObject\",\"inLanguage\":\"en-US\",\"@id\":\"https:\/\/neu.viamodul.eu\/en\/#\/schema\/logo\/image\/\",\"url\":\"https:\/\/neu.viamodul.eu\/wp-content\/uploads\/2023\/02\/cropped-favicon.jpg\",\"contentUrl\":\"https:\/\/neu.viamodul.eu\/wp-content\/uploads\/2023\/02\/cropped-favicon.jpg\",\"width\":512,\"height\":512,\"caption\":\"Viamodul.EU\"},\"image\":{\"@id\":\"https:\/\/neu.viamodul.eu\/en\/#\/schema\/logo\/image\/\"},\"sameAs\":[\"https:\/\/www.facebook.com\/viamodul.ihr.epages.partner\/\"]}]}<\/script>\n<!-- \/ Yoast SEO plugin. -->","yoast_head_json":{"title":"Instructions for installing the \"lexoffice Connector\" app for epages Now - Viamodul.EU","description":"Instructions for installing the \"lexoffice Connector\" app for epages Now","robots":{"index":"index","follow":"follow","max-snippet":"max-snippet:-1","max-image-preview":"max-image-preview:large","max-video-preview":"max-video-preview:-1"},"canonical":"https:\/\/neu.viamodul.eu\/en\/support\/lexoffice-connector\/instructions-for-installing-the-lexoffice-connector-app-for-epages-now\/","og_locale":"en_US","og_type":"article","og_title":"Instructions for installing the \"lexoffice Connector\" app for epages Now - Viamodul.EU","og_description":"Instructions for installing the \"lexoffice Connector\" app for epages Now","og_url":"https:\/\/neu.viamodul.eu\/en\/support\/lexoffice-connector\/instructions-for-installing-the-lexoffice-connector-app-for-epages-now\/","og_site_name":"Viamodul.EU","article_publisher":"https:\/\/www.facebook.com\/viamodul.ihr.epages.partner\/","article_modified_time":"2023-11-15T15:49:20+00:00","og_image":[{"url":"https:\/\/neu.viamodul.eu\/wp-content\/uploads\/2023\/05\/lexoffice-connector-App-Step_01.jpg"}],"twitter_card":"summary_large_image","twitter_misc":{"Est. reading time":"1 minute"},"schema":{"@context":"https:\/\/schema.org","@graph":[{"@type":"WebPage","@id":"https:\/\/neu.viamodul.eu\/en\/support\/lexoffice-connector\/instructions-for-installing-the-lexoffice-connector-app-for-epages-now\/","url":"https:\/\/neu.viamodul.eu\/en\/support\/lexoffice-connector\/instructions-for-installing-the-lexoffice-connector-app-for-epages-now\/","name":"Instructions for installing the \"lexoffice Connector\" app for epages Now - Viamodul.EU","isPartOf":{"@id":"https:\/\/neu.viamodul.eu\/en\/#website"},"datePublished":"2023-05-24T13:38:13+00:00","dateModified":"2023-11-15T15:49:20+00:00","description":"Instructions for installing the \"lexoffice Connector\" app for epages Now","breadcrumb":{"@id":"https:\/\/neu.viamodul.eu\/en\/support\/lexoffice-connector\/instructions-for-installing-the-lexoffice-connector-app-for-epages-now\/#breadcrumb"},"inLanguage":"en-US","potentialAction":[{"@type":"ReadAction","target":["https:\/\/neu.viamodul.eu\/en\/support\/lexoffice-connector\/instructions-for-installing-the-lexoffice-connector-app-for-epages-now\/"]}]},{"@type":"BreadcrumbList","@id":"https:\/\/neu.viamodul.eu\/en\/support\/lexoffice-connector\/instructions-for-installing-the-lexoffice-connector-app-for-epages-now\/#breadcrumb","itemListElement":[{"@type":"ListItem","position":1,"name":"Home","item":"https:\/\/neu.viamodul.eu\/en\/homepage\/"},{"@type":"ListItem","position":2,"name":"Support","item":"https:\/\/neu.viamodul.eu\/en\/support\/"},{"@type":"ListItem","position":3,"name":"epages lexoffice Connector","item":"https:\/\/neu.viamodul.eu\/en\/support\/lexoffice-connector\/"},{"@type":"ListItem","position":4,"name":"Instructions for installing the &#8220;lexoffice Connector&#8221; app for epages Now"}]},{"@type":"WebSite","@id":"https:\/\/neu.viamodul.eu\/en\/#website","url":"https:\/\/neu.viamodul.eu\/en\/","name":"Viamodul.EU","description":"THE ECOMMERCE EXPERIENCE","publisher":{"@id":"https:\/\/neu.viamodul.eu\/en\/#organization"},"potentialAction":[{"@type":"SearchAction","target":{"@type":"EntryPoint","urlTemplate":"https:\/\/neu.viamodul.eu\/en\/?s={search_term_string}"},"query-input":"required name=search_term_string"}],"inLanguage":"en-US"},{"@type":"Organization","@id":"https:\/\/neu.viamodul.eu\/en\/#organization","name":"Viamodul.EU","url":"https:\/\/neu.viamodul.eu\/en\/","logo":{"@type":"ImageObject","inLanguage":"en-US","@id":"https:\/\/neu.viamodul.eu\/en\/#\/schema\/logo\/image\/","url":"https:\/\/neu.viamodul.eu\/wp-content\/uploads\/2023\/02\/cropped-favicon.jpg","contentUrl":"https:\/\/neu.viamodul.eu\/wp-content\/uploads\/2023\/02\/cropped-favicon.jpg","width":512,"height":512,"caption":"Viamodul.EU"},"image":{"@id":"https:\/\/neu.viamodul.eu\/en\/#\/schema\/logo\/image\/"},"sameAs":["https:\/\/www.facebook.com\/viamodul.ihr.epages.partner\/"]}]}},"_links":{"self":[{"href":"https:\/\/neu.viamodul.eu\/en\/wp-json\/wp\/v2\/pages\/2425","targetHints":{"allow":["GET"]}}],"collection":[{"href":"https:\/\/neu.viamodul.eu\/en\/wp-json\/wp\/v2\/pages"}],"about":[{"href":"https:\/\/neu.viamodul.eu\/en\/wp-json\/wp\/v2\/types\/page"}],"author":[{"embeddable":true,"href":"https:\/\/neu.viamodul.eu\/en\/wp-json\/wp\/v2\/users\/1"}],"replies":[{"embeddable":true,"href":"https:\/\/neu.viamodul.eu\/en\/wp-json\/wp\/v2\/comments?post=2425"}],"version-history":[{"count":6,"href":"https:\/\/neu.viamodul.eu\/en\/wp-json\/wp\/v2\/pages\/2425\/revisions"}],"predecessor-version":[{"id":3582,"href":"https:\/\/neu.viamodul.eu\/en\/wp-json\/wp\/v2\/pages\/2425\/revisions\/3582"}],"up":[{"embeddable":true,"href":"https:\/\/neu.viamodul.eu\/en\/wp-json\/wp\/v2\/pages\/609"}],"wp:attachment":[{"href":"https:\/\/neu.viamodul.eu\/en\/wp-json\/wp\/v2\/media?parent=2425"}],"curies":[{"name":"wp","href":"https:\/\/api.w.org\/{rel}","templated":true}]}}